{"id":1129,"date":"2024-05-23T15:05:45","date_gmt":"2024-05-23T13:05:45","guid":{"rendered":"http:\/\/emmegi-gmbh.de\/?page_id=1129"},"modified":"2024-07-12T12:37:07","modified_gmt":"2024-07-12T10:37:07","slug":"individuelle-kuehlerentwicklung","status":"publish","type":"page","link":"https:\/\/emmegi-gmbh.de\/en\/serviceleistungen\/individuelle-kuehlerentwicklung\/","title":{"rendered":"Individuelle K\u00fchlerentwicklung"},"content":{"rendered":"Combi Coolers for Mobile Applications&#8221;>Anwendungsseite der mobilen Maschinen<\/a> finden Sie entsprechend mehr Hintegr\u00fcnde.<\/p>\n<p>Diese Entwicklungen stehen auch f\u00fcr W\u00e4rmetauscher zur Verf\u00fcgung, die ein Fluid lediglich in der durch den verf\u00fcgbaren Platz erforderlichen Form abk\u00fchlen m\u00fcssen.<br \/>\nAuf Wunsch k\u00f6nnen L\u00fcftungssysteme komplett mit Hydraulik- oder Elektromotoren oder mit einem an einen Dieselmotor gekoppelten Ventilator integriert werden.<br \/>\nAuf das Produkt k\u00f6nnen Spezifikationen f\u00fcr Meeresumgebungen oder explosionsgef\u00e4hrdete Bereiche","protected":false},"excerpt":{"rendered":"<p>Combi Coolers for Mobile Applications&#8221;>Anwendungsseite der mobilen Maschinen finden Sie entsprechend mehr Hintegr\u00fcnde. Diese Entwicklungen stehen auch f\u00fcr W\u00e4rmetauscher zur Verf\u00fcgung, die ein Fluid lediglich in der durch den verf\u00fcgbaren Platz erforderlichen Form abk\u00fchlen m\u00fcssen. Auf Wunsch k\u00f6nnen L\u00fcftungssysteme komplett mit Hydraulik- oder Elektromotoren oder mit einem an einen Dieselmotor gekoppelten Ventilator integriert werden. Auf&#8230;<\/p>\n","protected":false},"author":2,"featured_media":0,"parent":1087,"menu_order":0,"comment_status":"closed","ping_status":"closed","template":"","meta":{"om_disable_all_campaigns":false,"_monsterinsights_skip_tracking":false,"_monsterinsights_sitenote_active":false,"_monsterinsights_sitenote_note":"","_monsterinsights_sitenote_category":0,"footnotes":""},"class_list":["post-1129","page","type-page","status-publish","hentry"],"aioseo_notices":[],"_links":{"self":[{"href":"https:\/\/emmegi-gmbh.de\/en\/wp-json\/wp\/v2\/pages\/1129","targetHints":{"allow":["GET"]}}],"collection":[{"href":"https:\/\/emmegi-gmbh.de\/en\/wp-json\/wp\/v2\/pages"}],"about":[{"href":"https:\/\/emmegi-gmbh.de\/en\/wp-json\/wp\/v2\/types\/page"}],"author":[{"embeddable":true,"href":"https:\/\/emmegi-gmbh.de\/en\/wp-json\/wp\/v2\/users\/2"}],"replies":[{"embeddable":true,"href":"https:\/\/emmegi-gmbh.de\/en\/wp-json\/wp\/v2\/comments?post=1129"}],"version-history":[{"count":11,"href":"https:\/\/emmegi-gmbh.de\/en\/wp-json\/wp\/v2\/pages\/1129\/revisions"}],"predecessor-version":[{"id":1311,"href":"https:\/\/emmegi-gmbh.de\/en\/wp-json\/wp\/v2\/pages\/1129\/revisions\/1311"}],"up":[{"embeddable":true,"href":"https:\/\/emmegi-gmbh.de\/en\/wp-json\/wp\/v2\/pages\/1087"}],"wp:attachment":[{"href":"https:\/\/emmegi-gmbh.de\/en\/wp-json\/wp\/v2\/media?parent=1129"}],"curies":[{"name":"wp","href":"https:\/\/api.w.org\/{rel}","templated":true}]}}