{"id":1542,"date":"2024-12-03T09:48:48","date_gmt":"2024-12-03T08:48:48","guid":{"rendered":"https:\/\/emmegi-gmbh.de\/?page_id=1542"},"modified":"2024-12-04T15:34:20","modified_gmt":"2024-12-04T14:34:20","slug":"kommunalfahrzeuge-und-lkw","status":"publish","type":"page","link":"https:\/\/emmegi-gmbh.de\/en\/branchen-und-anwendungen\/kommunalfahrzeuge-und-lkw\/","title":{"rendered":"Kommunalfahrzeuge und LKW"},"content":{"rendered":"&#8221;>Arbeitsmaschinen <\/a>m\u00fcssen auch die Hydrauliksysteme gek\u00fchlt werden. Bei Hydraulikanbauten wie Mobilkr\u00e4ne, Teleskoplader, Hubb\u00fchnen etc. werden Hydraulikanlagen thermisch konditioniert. Anders gesagt sind K\u00fchler h\u00e4ufig die richtige Wahl. Auch hier bietet EMMEGI ein umfangreiches Branchenwissen f\u00fcr die optimale Auslegung der K\u00fchler. Auch bei den \u00d6lk\u00fchlern sind die Umgebungsbedingungen entscheidend f\u00fcr die effiziente Nutzung der Anlage. So sind f\u00fcr unsere Produkte diverse Lamellen erh\u00e4ltlich, die wesentlich die Wartungsarbeiten an der Maschine beeinflussen k\u00f6nnen.<\/p>\n<p>Der Antieb der K\u00fchler kann direkt \u00fcber die Bordnetzversorgung erfolgen. Selbstverst\u00e4ndlich sind alle Gebl\u00e4se der MOBILE-Serie als 12\/24 Volt Variante verf\u00fcgbar. Sonderspannungen sind auf Nachfrage ebenfalls m\u00f6glich.<\/p>\n<p>Lesen Sie mehr \u00fcber unsere mobilen \u00d6l-Luft-K\u00fchler.<\/p>\n<a href=\"https:\/\/emmegi-gmbh.de\/produkte\/luft-oel-kuehler-mobile\/\" class=\"su-button su-button-style-default\" style=\"color:#ffffff;background-color:#239bd2;border-color:#1c7ca8;border-radius:5px\" target=\"_self\"><span style=\"color:#ffffff;padding:0px 18px;font-size:14px;line-height:28px;border-color:#65b9e0;border-radius:5px;text-shadow:none\"> zur Produktseite \u00d6lk\u00fchler<\/span><\/a>\n<h4>Ihr Vorteil bei EMMEGI<\/h4>\n<p>Eine gro\u00dfe St\u00e4rke der EMMEGI-K\u00fchler ist dabei das Engineering und der kundenspezifische Dialog mit Ihrer Entwicklungsabteilung. folgerichtig sind wir etablierter Partner der Landmaschinenhersteller und Baumaschinenhersteller. Die Kombik\u00fchler f\u00fcr Ihre Landmaschinen, Baumaschinen oder mobile Arbeitsmaschinen werden stets kundenspezifisch ausgelegt und ausgeliefert.","protected":false},"excerpt":{"rendered":"<p>&#8221;>Arbeitsmaschinen m\u00fcssen auch die Hydrauliksysteme gek\u00fchlt werden. Bei Hydraulikanbauten wie Mobilkr\u00e4ne, Teleskoplader, Hubb\u00fchnen etc. werden Hydraulikanlagen thermisch konditioniert. Anders gesagt sind K\u00fchler h\u00e4ufig die richtige Wahl. Auch hier bietet EMMEGI ein umfangreiches Branchenwissen f\u00fcr die optimale Auslegung der K\u00fchler. Auch bei den \u00d6lk\u00fchlern sind die Umgebungsbedingungen entscheidend f\u00fcr die effiziente Nutzung der Anlage. So sind&#8230;<\/p>\n","protected":false},"author":2,"featured_media":0,"parent":1044,"menu_order":0,"comment_status":"closed","ping_status":"closed","template":"","meta":{"om_disable_all_campaigns":false,"_monsterinsights_skip_tracking":false,"_monsterinsights_sitenote_active":false,"_monsterinsights_sitenote_note":"","_monsterinsights_sitenote_category":0,"footnotes":""},"class_list":["post-1542","page","type-page","status-publish","hentry"],"aioseo_notices":[],"_links":{"self":[{"href":"https:\/\/emmegi-gmbh.de\/en\/wp-json\/wp\/v2\/pages\/1542","targetHints":{"allow":["GET"]}}],"collection":[{"href":"https:\/\/emmegi-gmbh.de\/en\/wp-json\/wp\/v2\/pages"}],"about":[{"href":"https:\/\/emmegi-gmbh.de\/en\/wp-json\/wp\/v2\/types\/page"}],"author":[{"embeddable":true,"href":"https:\/\/emmegi-gmbh.de\/en\/wp-json\/wp\/v2\/users\/2"}],"replies":[{"embeddable":true,"href":"https:\/\/emmegi-gmbh.de\/en\/wp-json\/wp\/v2\/comments?post=1542"}],"version-history":[{"count":2,"href":"https:\/\/emmegi-gmbh.de\/en\/wp-json\/wp\/v2\/pages\/1542\/revisions"}],"predecessor-version":[{"id":1570,"href":"https:\/\/emmegi-gmbh.de\/en\/wp-json\/wp\/v2\/pages\/1542\/revisions\/1570"}],"up":[{"embeddable":true,"href":"https:\/\/emmegi-gmbh.de\/en\/wp-json\/wp\/v2\/pages\/1044"}],"wp:attachment":[{"href":"https:\/\/emmegi-gmbh.de\/en\/wp-json\/wp\/v2\/media?parent=1542"}],"curies":[{"name":"wp","href":"https:\/\/api.w.org\/{rel}","templated":true}]}}