{"id":23,"date":"2016-12-09T14:09:41","date_gmt":"2016-12-09T13:09:41","guid":{"rendered":"http:\/\/emmegi-gmbh.de\/?page_id=23"},"modified":"2024-12-04T15:09:05","modified_gmt":"2024-12-04T14:09:05","slug":"ueber-uns","status":"publish","type":"page","link":"https:\/\/emmegi-gmbh.de\/en\/ueber-uns\/","title":{"rendered":"About us"},"content":{"rendered":"Industries and applications&#8221;>Kundenanforderungen <\/a>abgestimmt.<\/p>\n<h3>Zertifikate<\/h3>\n<p>Seit 1998 ist EMMEGI mit der ISO 9001 zertifiziert.<br \/>\n[\/su_column]\n<div class=\"su-column su-column-size-1-2\"><div class=\"su-column-inner su-u-clearfix su-u-trim\">\n<div class=\"su-spacer\" style=\"height:44px\"><\/div>\n<p><img loading=\"lazy\" decoding=\"async\" src=\"http:\/\/emmegi-gmbh.de\/wp-content\/uploads\/2016\/12\/unternehmen_qualitaet.jpg\" alt=\"Emmegi W\u00e4rmetauscher \u00dcber uns Qualit\u00e4t\" width=\"560\" height=\"314\" class=\"alignnone size-full wp-image-499\" srcset=\"https:\/\/emmegi-gmbh.de\/wp-content\/uploads\/2016\/12\/unternehmen_qualitaet.jpg 560w, https:\/\/emmegi-gmbh.de\/wp-content\/uploads\/2016\/12\/unternehmen_qualitaet-300x168.jpg 300w\" sizes=\"auto, (max-width: 560px) 100vw, 560px\" \/><\/p>\n<\/div><\/div>\n[\/su_row]\n<div class=\"su-row\">\n<div class=\"su-column su-column-size-1-2\"><div class=\"su-column-inner su-u-clearfix su-u-trim\">\n<div class=\"su-spacer\" style=\"height:44px\"><\/div>\n<p><img loading=\"lazy\" decoding=\"async\" src=\"https:\/\/emmegi-gmbh.de\/wp-content\/uploads\/2024\/12\/home-111-e1733298467200.jpg\" alt=\"Sortiment der EMMEGI Produkte\" width=\"600\" height=\"359\" class=\"alignleft size-full wp-image-1546\" srcset=\"https:\/\/emmegi-gmbh.de\/wp-content\/uploads\/2024\/12\/home-111-e1733298467200.jpg 600w, https:\/\/emmegi-gmbh.de\/wp-content\/uploads\/2024\/12\/home-111-e1733298467200-300x180.jpg 300w\" sizes=\"auto, (max-width: 600px) 100vw, 600px\" \/><br \/>\n<\/div><\/div>\n<div class=\"su-column su-column-size-1-2\"><div class=\"su-column-inner su-u-clearfix su-u-trim\">\n<h2>Ihr Weg zu uns<\/h2>\n<p>Verschaffen Sie sich gerne einen \u00dcbergblick \u00fcber unsere Produkte und Dienstleistungen.<\/p>\n<h3>Wir in Social Media<\/h3>\n<h4>Unser LinkedIn Profil<\/h4>\n<p>https:\/\/www.linkedin.com\/company\/emmegi-gmbh1<br \/>\n<\/div><\/div>\n<\/div>\n<h1>EMMEGI GmbH<\/h1>\n<div class=\"su-row\">\n<div class=\"su-column su-column-size-1-2\"><div class=\"su-column-inner su-u-clearfix su-u-trim\">\n<h2>History<\/h2>\n<p><strong class=\"subhead\">EMMEGI S.p.A.<\/strong> which was founded in Cassano d\u2019Adda , Italy started manufacturing conventional Shell and Tube coolers for machine and industrial applications in 1975. The company is still privately held and run by the founding family. Implementing the vacuum welding method in 1990 EMMEGI started manufacturing Oil-Air coolers. <\/p>\n<p>In 2001 <strong class=\"subhead\">EMMEGI GmbH<\/strong> was founded in Neuss, Germany.<\/p>\n<p>Today <strong class=\"subhead\">EMMEGI<\/strong> is one of the leading manufacturers of cooling systems in the off-road sector as well as in the mobile and industrial hydraulics. <strong class=\"subhead\">EMMEGI<\/strong> subsidiaries are located all around the globe like for example in the U.S.A., Sweden and Turkey. <\/p>\n<p><strong class=\"subhead\">EMMEGI<\/strong> coolers are applied and distributed in diverse regions by using several global distributors.<\/p>\n<\/div><\/div>\n<div class=\"su-column su-column-size-1-2\"><div class=\"su-column-inner su-u-clearfix su-u-trim\">\n<div class=\"su-spacer\" style=\"height:44px\"><\/div>\n<img loading=\"lazy\" decoding=\"async\" src=\"http:\/\/emmegi-gmbh.de\/wp-content\/uploads\/2016\/12\/unternehmen_aussenansicht.jpg\" alt=\"Emmegi Unternehmen \u00dcber uns\" width=\"560\" height=\"314\" class=\"alignnone size-full wp-image-496\" srcset=\"https:\/\/emmegi-gmbh.de\/wp-content\/uploads\/2016\/12\/unternehmen_aussenansicht.jpg 560w, https:\/\/emmegi-gmbh.de\/wp-content\/uploads\/2016\/12\/unternehmen_aussenansicht-300x168.jpg 300w\" sizes=\"auto, (max-width: 560px) 100vw, 560px\" \/><br \/>\n<\/div><\/div>\n<\/div>\n<div class=\"su-row\">\n<div class=\"su-column su-column-size-1-2\"><div class=\"su-column-inner su-u-clearfix su-u-trim\">\n<div class=\"su-spacer\" style=\"height:44px\"><\/div>\n<img loading=\"lazy\" decoding=\"async\" src=\"http:\/\/emmegi-gmbh.de\/wp-content\/uploads\/2016\/12\/unternehmen_lager.jpg\" alt=\"Emmegi W\u00e4rmetauscher Lager \u00dcber uns\" width=\"560\" height=\"314\" class=\"alignnone size-full wp-image-497\" srcset=\"https:\/\/emmegi-gmbh.de\/wp-content\/uploads\/2016\/12\/unternehmen_lager.jpg 560w, https:\/\/emmegi-gmbh.de\/wp-content\/uploads\/2016\/12\/unternehmen_lager-300x168.jpg 300w\" sizes=\"auto, (max-width: 560px) 100vw, 560px\" \/><\/p>\n<\/div><\/div>\n<div class=\"su-column su-column-size-1-2\"><div class=\"su-column-inner su-u-clearfix su-u-trim\">\n<h2>Philosophy<\/h2>\n<p><span class=\"subhead\">EMMEGI<\/span> develops and manufactures heat exchangers and coolers for various and most diverse applications. Based on distinct experience in the market as well as constant adaptations to technological progress <span class=\"subhead\">EMMEGI<\/span> products are subject to continuous improvement.<\/p>\n<p><span class=\"subhead\">EMMEGI\u2019s<\/span> corporate objectives are always aligned with their customer needs and requirements. Through gained experience and consistent implementation of new technical developments <span class=\"subhead\">EMMEGI<\/span> has always been able to increase its market share.<\/p>\n<p>Every single process within the company operations is aligned to the highest quality standards <br \/> and the best possible satisfaction of customer needs is the aim of every single employee.<\/p>\n<\/div><\/div>\n<\/div>\n<div class=\"su-row\"><div class=\"su-column su-column-size-1-2\"><div class=\"su-column-inner su-u-clearfix su-u-trim\">\n<h2>Quality<\/h2>\n<p>The experience gained throughout the years enables <strong class=\"subhead\">EMMEGI<\/strong> and its technical departments to design products that perfectly match customer requirements and needs. By using several testing procedures products are coordinated optimal according to the various customer requirements.<\/p>\n<\/div><\/div>\n<div class=\"su-column su-column-size-1-2\"><div class=\"su-column-inner su-u-clearfix su-u-trim\">\n<div class=\"su-spacer\" style=\"height:44px\"><\/div>\n<p><img loading=\"lazy\" decoding=\"async\" src=\"http:\/\/emmegi-gmbh.de\/wp-content\/uploads\/2016\/12\/unternehmen_qualitaet.jpg\" alt=\"Emmegi W\u00e4rmetauscher \u00dcber uns Qualit\u00e4t\" width=\"560\" height=\"314\" class=\"alignnone size-full wp-image-499\" srcset=\"https:\/\/emmegi-gmbh.de\/wp-content\/uploads\/2016\/12\/unternehmen_qualitaet.jpg 560w, https:\/\/emmegi-gmbh.de\/wp-content\/uploads\/2016\/12\/unternehmen_qualitaet-300x168.jpg 300w\" sizes=\"auto, (max-width: 560px) 100vw, 560px\" \/><\/p>\n<\/div><\/div>\n<\/div>","protected":false},"excerpt":{"rendered":"<p>Industries and applications&#8221;>Kundenanforderungen abgestimmt. Zertifikate Seit 1998 ist EMMEGI mit der ISO 9001 zertifiziert. [\/su_column] [\/su_row] EMMEGI GmbH<\/p>\n","protected":false},"author":1,"featured_media":0,"parent":0,"menu_order":0,"comment_status":"closed","ping_status":"closed","template":"","meta":{"om_disable_all_campaigns":false,"_monsterinsights_skip_tracking":false,"_monsterinsights_sitenote_active":false,"_monsterinsights_sitenote_note":"","_monsterinsights_sitenote_category":0,"footnotes":""},"class_list":["post-23","page","type-page","status-publish","hentry"],"aioseo_notices":[],"_links":{"self":[{"href":"https:\/\/emmegi-gmbh.de\/en\/wp-json\/wp\/v2\/pages\/23","targetHints":{"allow":["GET"]}}],"collection":[{"href":"https:\/\/emmegi-gmbh.de\/en\/wp-json\/wp\/v2\/pages"}],"about":[{"href":"https:\/\/emmegi-gmbh.de\/en\/wp-json\/wp\/v2\/types\/page"}],"author":[{"embeddable":true,"href":"https:\/\/emmegi-gmbh.de\/en\/wp-json\/wp\/v2\/users\/1"}],"replies":[{"embeddable":true,"href":"https:\/\/emmegi-gmbh.de\/en\/wp-json\/wp\/v2\/comments?post=23"}],"version-history":[{"count":11,"href":"https:\/\/emmegi-gmbh.de\/en\/wp-json\/wp\/v2\/pages\/23\/revisions"}],"predecessor-version":[{"id":1565,"href":"https:\/\/emmegi-gmbh.de\/en\/wp-json\/wp\/v2\/pages\/23\/revisions\/1565"}],"wp:attachment":[{"href":"https:\/\/emmegi-gmbh.de\/en\/wp-json\/wp\/v2\/media?parent=23"}],"curies":[{"name":"wp","href":"https:\/\/api.w.org\/{rel}","templated":true}]}}