{"id":6,"date":"2016-12-09T14:09:38","date_gmt":"2016-12-09T13:09:38","guid":{"rendered":"http:\/\/emmegi-gmbh.de\/?page_id=6"},"modified":"2016-12-22T13:52:24","modified_gmt":"2016-12-22T12:52:24","slug":"agb","status":"publish","type":"page","link":"https:\/\/emmegi-gmbh.de\/en\/agb\/","title":{"rendered":"AGB"},"content":{"rendered":"<img loading=\"lazy\" decoding=\"async\" src=\"http:\/\/emmegi-gmbh.de\/wp-content\/uploads\/2016\/12\/objekt_agb.png\" width=\"210\" height=\"210\" alt=\"AGB\" \/>       ALLGEMEINE GESCH\u00c4FTSBEDINGUNGEN<br \/>DER FIRMA EMMEGI GMBH<br \/>Stand August 2009<\/p>\n<p>Allgemeine Bestimmungen<br \/>1.Diese AGB gilt f\u00fcr alle Angebote, Lieferungen und Leistungen der Firma Emmegi GmbH an ihre Auftraggeber. Abweichungen von den AGB gelten nur, wenn sie von der Firma EMMEGI GmbH ausdr\u00fccklich schriftlich anerkannt werden.<\/p>\n<p>2.Gesch\u00e4fts- und Einkaufsbedingungen, die von einem Auftraggeber einem Auftrag zugrunde gelegt werden, wird hiermit widersprochen.<\/p>\n<p>3.Die AGB der EMMEGI GmbH sind Grundlage auch f\u00fcr alle zuk\u00fcnftigen Gesch\u00e4fte zwischen EMMEGI GmbH und den Auftraggebern, insbesondere auch dann, wenn sie nicht noch einmal ausdr\u00fccklich  vereinbart werden.<\/p>\n<p>Auftragsannahme<br \/>1.S\u00e4mtlich Bestellungen und Auftr\u00e4ge, die der EMMEGI GmbH vom Auftraggeber unmittelbar oder durch Au\u00dfendienstmitarbeiter erteilt werden, sind f\u00fcr die EMMEGI GmbH erst dann verbindlich, wenn diese schriftlich best\u00e4tigt werden.<\/p>\n<p>2.Angebote der Firma EMMEGI GmbH sind frei bleibend. Der Auftraggeber ist, soweit er nicht eine andere Bindungsfrist festlegt, an  seinen Auftrag mindestens 8 Werktage gebunden. Der Vertrag kommt zustande, wenn der Auftrag durch die Firma EMMEGI GmbH schriftlich best\u00e4tigt wurde. Weicht die Best\u00e4tigung von dem Auftrag ab, so ist der Inhalt des Best\u00e4tigungsschreibens ma\u00dfgebend, sofern nicht der Auftraggeber die Abweichung unverz\u00fcglich beanstandet.Bei einer eventuellen Stornierung beh\u00e4lt sich die EMMEGI GmbH eine Berechung der Kosten vor.<\/p>\n<p>3.Die in Preislisten, Prospekten, Kostenvoranschl\u00e4gen und sonstigen dem Auftraggeber ausgeh\u00e4ndigten Unterlagen enthaltenen Abbildungen und Angaben, insbesondere Gewichts- oder Ma\u00dfangaben bzw. sonstige technische Daten in Bezug genommene DIN oder sonstige betriebliche oder \u00fcberbetriebliche Normen und Muster kennzeichnen lediglich den Vertragsgegenstand und stellen nur bei einer entsprechenden ausdr\u00fccklichen schriftlichen Verbindlichkeitserkl\u00e4rung eine Eigenschaftszusicherung der Firma EMMEGI GmbH dar. Abweichungen der bestellten oder gelieferten Artikel von der Bestellung, insbesondere im Hinblick auf Material und Ausf\u00fchrung bleiben im Rahmen des technischen Fortschritts ausdr\u00fccklich vorbehalten. <\/p>\n<p>Preise und Zahlungsbedingungen<br \/>1.Ma\u00dfgebend sind unsere am Liefertag geltenden Preise zuz\u00fcglich Umsatzsteuer in der jeweiligen gesetzlichen H\u00f6he. Nebenaufwendungen, insbesondere Verpackung, Fracht, Porto, Versicherungen \u2013 und Zustellgeb\u00fchren, Montage etc. werden gesondert berechnet.<\/p>\n<p>2.Festpreise bed\u00fcrfen einer ausdr\u00fccklichen schriftlichen Vereinbarung.<\/p>\n<p>3.Rechnungen sind innerhalb der auf der Auftragsbest\u00e4tigung\/Rechnung genannten Fristen zu bezahlen. In Einzelf\u00e4llen (z.B. bei Neukunden oder Zahlungsverzug) liefern wir gegen Nachnahme oder Vorkasse. In solchen F\u00e4llen informieren wir Sie vorab. Eine Zahlung ist erst dann erfolgt, wenn EMMEGI GmbH \u00fcber den Betrag verf\u00fcgen kann.<\/p>\n<p>4.Rechnungen sind in der Reihenfolge der Rechnungsstellung kostenfrei in bar durch \u00dcberweisung oder durch Scheck zu bezahlen. Nach Ablauf von 30 Tagen nach Lieferung \/ Rechnungsstellung ist der Rechnungsbetrag unabh\u00e4ngig von der Frage des Verzuges zu verzinsen.<\/p>\n<p>5.Zur Zur\u00fcckbehaltung von Zahlungen oder zu einer Aufrechnung mit etwaigen Gegenanspr\u00fcchen ist der Auftraggeber nur berechtigt, wenn diese von der Firma EMMEGI GmbH anerkannt oder rechtskr\u00e4ftig festgestellt wurden. Wenn der Auftraggeber seinen Zahlungsverpflichtungen nicht nachkommt, ist die Firma EMMEGI GmbH berechtigt, Vorauszahlungen oder Sicherungsleistungen zu verlangen sowie nach Setzung einer Nachfrist vom Vertrag zur\u00fcckzutreten oder Schadensersatz zu verlangen.<\/p>\n<p>6.Die Firma EMMEGI GmbH beh\u00e4lt sich das Recht vor f\u00fcr den Fall, dass die Auslieferung der bestellten Ware mehr als 6 Wochen nach Auftragsbest\u00e4tigung erfolgt, oder im Rahmen von dauernden Gesch\u00e4ftsbeziehungen entsprechend der L\u00e4nge, die Preise entsprechend den eingetretenen Kostensteigerungen, insbesondere aufgrund von Tarifvertr\u00e4gen oder von gestiegenen Materialkosten zu erh\u00f6hen. Auf schriftliches Verlangen des Auftraggebers weist EMMEGI GmbH die Kostensteigerung nach.<\/p>\n<p>Zahlungsverzug und Lieferung<br \/>1.Der Auftraggeber kommt mit der ersten Mahnung in Verzug. In diesem Fall ist die Firma EMMEGI GmbH berechtigt, Zinsen in H\u00f6he der von ihr selbst aufzuwendenden Kreditkosten, mindestens aber 5% \u00fcber dem jeweiligen Diskontsatz pro Jahr zu berechnen. F\u00fcr jede Mahnung werden auch Portokosten f\u00e4llig. Die Geltendmachung eines weiteren Schadens ist durch diese Regelung nicht eingeschr\u00e4nkt.<\/p>\n<p>2.Im Falle eines Verzuges ist die Firma EMMEGI GmbH berechtigt zur Sicherung ihrer Forderungen, Lieferung und Leistungen bis zur endg\u00fcltigen Bezahlungzur\u00fcckzubehalten, oder, wenn Lieferung bereits erfolgte, die Waren wieder zu sich zu nehmen. Nach Setzung einer Nachfrist ist die EMMEGI GmbH \u00fcberdies berechtigt, vom Vertrag zur\u00fcckzutreten oder Schadensersatz wegen Nichterf\u00fcllung zu verlangen.<\/p>\n<p>Lieferzeit<br \/>1.Liefertermine oder \u2013fristen, die verbindlich oder unverbindlich vereinbart werden k\u00f6nnen, bed\u00fcrfen der Schriftform. Die Einhaltung von Lieferfristen und Lieferterminen setzt den rechtzeitigen Eingang s\u00e4mtlicher vom Auftraggeber zu liefernden Unterlagen und Einzelteilen bzw. Abkl\u00e4rung aller technischen Fragen, insbesondere im Falle einer Vorauszahlung die Einhaltung der vereinbarten Zahlungsbedingungen und sonstigen Verpflichtungen voraus. Werden die Voraussetzungen nicht erf\u00fcllt, verl\u00e4ngern sich die Fristen angemessen. Dies gilt nicht, wenn die Firma EMMEGI GmbH die Verz\u00f6gerung zu verantworten hat<\/p>\n<p>2.Liefer- und Leistungsverz\u00f6gerungen aufgrund von h\u00f6herer Gewalt und von Umst\u00e4nden, die die Firma EMMEGI GmbH nicht zu verantworten hat \u2013 hierzu geh\u00f6ren auch nach Vertragsabschluss bekannt gewordene Materialbeschaffungsschwierigkeiten, Betriebsst\u00f6rungen, Streiks, Aussperrung, Personalmangel, Mangel an Transportmittel, beh\u00f6rdliche Anordnung etc. auch wenn sie bei Lieferanten der Firma EMMEGI GmbH oder deren Unterlieferanten eintreten, hat die Firma EMMEGI GmbH auch im Falle vereinbarter Fristen und Termine nicht zu vertreten. Sie berechtigen die Firma EMMEGI GmbH die Lieferungen bzw. Leistungen um die Dauer der Behinderung zuz\u00fcglich einer angemessenen Anlaufzeit hinauszuschieben oder wegen des noch nicht erf\u00fcllten Teils ganz oder teilweise vom Vertrag zur\u00fcckzutreten.<\/p>\n<p>3.Bei Versendung von Waren gilt der Tag der Versandaufgabe als Liefertag, ansonsten der Tag, an dem der Auftraggeber die Mitteilung von der Versand \u2013 bzw. Abholbereitschaft bekannt gibt.Teillieferungen und Teilleistungen sind zul\u00e4ssig und k\u00f6nnen gesondert abgerechnet werden.<\/p>\n<p>Gefahr\u00fcbergang<br \/>1.Die Gefahr des zuf\u00e4lligen Untergangs und der zuf\u00e4lligen Verschlechterung der Ware geht \u2013 auch bei Teillieferungen \u2013 mit der \u00dcbergabe, beim Versendungskauf mit der Auslieferung der Ware an den Spediteur, den Frachtf\u00fchrer oder sonst zur Ausf\u00fchrung der Versendung bestimmter Personen oder Anstalt auf den Auftraggeber \u00fcber. Die Verpackung erfolgt mit \u00fcblicher Sorgfalt. Der Versand erfolgt nach bestem Ermessen der EMMEGI GmbH. Auf schriftlichen Wunsch und Kosten des Auftraggebers wird die Sendung von der Firma EMMEGI GmbH gegen Bruch- Transport- und Feuersch\u00e4den versichert.<\/p>\n<p>2.Verz\u00f6gert sich die Lieferung oder Leistung infolge von Umst\u00e4nden, die der Auftraggeber zu vertreten hat, so geht die Gefahr mit Meldung der Versandbereitschaft auf den Auftraggeber \u00fcber.<\/p>\n<p>3.Teillieferungen sind zul\u00e4ssig, es sei denn, die teilweise Erf\u00fcllung des Vertrages hat f\u00fcr den Auftraggeber kein Interesse. Sie ist jedoch durch den Auftraggeber schon bei Auftragserteilung bekannt zu geben. Jede Teillieferung gilt als selbstst\u00e4ndiges Gesch\u00e4ft.<\/p>\n<p>4.Ausgelieferte Gegenst\u00e4nde sind, auch wenn sie unwesentliche M\u00e4ngel aufweisen, entgegenzunehmen.<\/p>\n<p>Eigentumsvorbehalt<br \/>1.Die gelieferte Ware bleibt Eigentum der Firma EMMEGI GmbH bis der Auftraggeber die gesamten Verbindlichkeiten aus der bestehenden Gesch\u00e4ftsverbindung getilgt hat.<\/p>\n<p>2.Verarbeitung und Umbildung erfolgen stets f\u00fcr die Firma EMMEGI GmbH als Hersteller, jedoch ohne Verpflichtung f\u00fcr sie. Erlischt das Miteigentum der Firma EMMEGI GmbH durch Vermischung, so wird bereits jetzt vereinbart, dass das Miteigentum des Auftraggebers an der einheitlichen Sache in H\u00f6he des Rechnungswertes wertanteilm\u00e4\u00dfig auf die Firma EMMEGI GmbH \u00fcbergeht. Der Auftraggeber verwahrt das Eigentum<\/p>\n<p>3.Der Auftraggeber verpflichtet sich, das Eigentum\/Miteigentum der Firma EMMEGI GmbH mit der Sorgfalt eines ordentlichen Kaufmanns vor Verderb, Minderung oder Verlust zu bewahren, auch gegen\u00fcber seinen Kunden.<\/p>\n<p>4.Der Auftraggeber ist berechtigt, die Vorbehaltsware im ordnungsgem\u00e4\u00dfen Gesch\u00e4ftsverkehr zu verarbeiten und zu ver\u00e4u\u00dfern. Verpf\u00e4ndung oder Sicherungs\u00fcbereignung sind unzul\u00e4ssig. Die aus dem Weiterverkauf oder einem sonstigen Rechtsgrund bez\u00fcglich der Vorbehaltsware entstehenden Forderungen tritt der Auftraggeber bereits jetzt sicherheitshalber in vollem Umfang und mit allen Nebenrechten an die Firma EMMEGI GmbH ab.<\/p>\n<p>5.Bei Zugriffen Dritter auf die Vorbehaltsware wird der Auftraggeber auf das Eigentum der Firma EMMEGI GmbH hinweisen und diese unverz\u00fcglich benachrichtigen. Kosten und Sch\u00e4den tr\u00e4gt der Besteller.<\/p>\n<p>6.Bei Zahlungsverzug des Auftraggebers ist die Firma EMMEGI GmbH berechtigt, vom Vertrag zur\u00fcckzutreten und die Vorbehaltsware auf Kosten des Auftraggebers zur\u00fcckzunehmen oder gegebenenfalls Abtretung der Herausgabeanspr\u00fcche des Auftraggebers gegen Dritte zu verlangen. Das Recht der Firma EMMEGI GmbH, Schadensersatz zu verlangen, bleibt unber\u00fchrt. Das gleiche gilt bei sonstigen vertragswidrigem Verhalten des Auftraggebers.<\/p>\n<p>7.Soweit der Wert aller Sicherungsrechte, der der Firma EMMEGI GmbH zustehen, die H\u00f6he aller gesicherten Anspr\u00fcche um mehr als 10% \u00fcbersteigt, wird die Firma EMMEGI GmbH auf Wunsch des Auftraggebers einen entsprechenden Teil des Sicherungsrechts freigeben. Der EMMEGI GmbH steht die Wahl bei der Freigabe zwischen verschiedenen Sicherungsrechten zu.<\/p>\n<p>Gew\u00e4hrleistung<br \/>1.Der Auftraggeber ist verpflichtet, die angelieferten Waren unverz\u00fcglich nach Erhalt auf offensichtliche M\u00e4ngel, insbesondere auch auf offensichtliche Fehlermeldungen oder Besch\u00e4digungen zu untersuchen und diese unverz\u00fcglich sp\u00e4testens binnen 8 Tagen und zwar vor Be- bzw. bei Verarbeitung oder Verbindung der Ware der EMMEGI GmbH gegen\u00fcber schriftlich und zwar spezifiziert anzuzeigen, andernfalls ist die Geltendmachung des Gew\u00e4hrleistungsanspruches ausgeschlossen. Zur Fristwahrung gen\u00fcgt die rechtzeitige Absendung der M\u00e4ngelr\u00fcge.<\/p>\n<p>2.Vor jeder Weiterverwendung ist die Ware hinsichtlich ihrer Beschaffenheit und Funktionsf\u00e4higkeit gem\u00e4\u00df Herstellerangaben zu \u00fcberpr\u00fcfen. S\u00e4mtliche Abweichungen der Ist- von Sollbeschaffenheit der gelieferten Ware sind unverz\u00fcglich schriftlich gegen\u00fcber der EMMEGI GmbH anzuzeigen. Sp\u00e4ter eingehende Reklamationen \u2013 gleich ob wegen offener oder verdeckter M\u00e4ngel \u2013 k\u00f6nnen nicht akzeptiert werden. Den Auftraggeber trifft die volle Beweislast f\u00fcr s\u00e4mtliche Anspruchsvoraussetzungen, insbesondere f\u00fcr die M\u00e4ngel selbst, f\u00fcr den Zeitpunkt der Feststellung des Mangels und f\u00fcr die Rechtzeitigkeit der M\u00e4ngelr\u00fcge.<\/p>\n<p>3.Ist die Ware mangelhaft, beh\u00e4lt sich die Firma EMMEGI GmbH vor, den Mangel nach ihrer Wahl zun\u00e4chst durch Nachlieferung oder Nachbesserung  (Nachf\u00fcllung). Im Falle der Nachf\u00fcllung ist die EMMEGI GmbH verpflichtet, alle zu diesem Zweck erforderlichen Aufwendungen, insbesondere Transport-, Wege-, Arbeits- und Materialkosten zu tragen, soweit sich diese nicht dadurch erh\u00f6hen, dass die Ware nach einem anderen Ort als dem Bestimmungsort verbracht wurde. Sollte die Mangelbeseitigung nicht m\u00f6glich oder wirtschaftlich nicht sinnvoll sein, ist die EMMEGI GmbH berechtigt, den Vertrag zu k\u00fcndigen.<\/p>\n<p>4.Ist die Nachbesserung oder die Ersatzlieferung unm\u00f6glich oder ist die hierf\u00fcr vom Auftraggeber der Firma EMMEGI GmbH gesetzte Nachfrist abgelaufen, so ist der Auftraggeber berechtigt, vom Vertrag zur\u00fcckzutreten oder Herabsetzung des Rechnungsbetrages zu verlangen. Das gleiche Recht besteht im Falle der Abtretung der Gew\u00e4hrleistungsanspr\u00fcche gegen den Lieferanten, wenn dieser dem Auftraggeber gegen\u00fcber der Gew\u00e4hrleistung schriftlich abgelehnt hat.<\/p>\n<p>5.W\u00e4hlt der Auftraggeber wegen eines Mangels nach gescheiterter Nacherf\u00fcllung den R\u00fccktritt vom Vertrag, steht ihm daneben kein Schadensersatzanspruch wegen des Mangels zu. Verj\u00e4hrungsfrist f\u00fcr Anspr\u00fcche, die auf mangelhafter Ware beruhen, betr\u00e4gt 12 Monate ab Lieferung der Ware.<\/p>\n<p>6.Garantien im Rechtssinne erh\u00e4lt der Auftraggeber durch die EMMEGI GmbH nicht.<\/p>\n<p>7.Eine \u00fcber diesen Abschnitt hinausgehende Gew\u00e4hrleistung weitergehender Schadensersatzanspr\u00fcche, insbesondere f\u00fcr Mangelfolgeerscheinungen oder f\u00fcr entgangenen Gewinn, die auf einen Mangel an der Ware zur\u00fcckzuf\u00fchren sind, au\u00dfer in den F\u00e4llen des Abschnitts \u00fcber den Verzug k\u00f6nnen nicht geltend gemacht werden.<\/p>\n<p>8.Vorstehende Haftungsfreizeichnung gilt nicht, soweit die Schadensursache auf Vorsatz oder grober Fahrl\u00e4ssigkeit beruht. Sie gilt ferner dann nicht, wenn der Auftraggeber wegen einer garantierten Beschaffenheit gem. \u00a7 437 Abs. 3 BGB geltend macht bzw. wenn Anspr\u00fcche gem\u00e4\u00df \u00a7 1,4 Produkthaftungsgesetz ber\u00fchrt sind.<\/p>\n<p>9.Soweit gem\u00e4\u00df der vorliegenden Ziffer diese AGB die Haftung der EMMEGI GmbH auf Schadensersatz ausgeschlossen oder beschr\u00e4nkt ist, gilt dies auch f\u00fcr alle Anspr\u00fcche wegen Verzuges, Verschulden bei Vertragsabschluss, Pflichtverletzung und unerlaubter Handlung. Soweit die Haftung der EMMEGI GmbH ausgeschlossen und beschr\u00e4nkt ist, gilt dies auch f\u00fcr pers\u00f6nliche Haftung der Angestellten, Arbeitnehmer oder F\u00fchrungsgehilfen. Die Haftung ist der H\u00f6he nach auf den typisch vorhersehbaren Schaden unter Ausschluss des entgangenen Gewinns beschr\u00e4nkt. Diese Regelung gilt nicht f\u00fcr Anspr\u00fcche gem\u00e4\u00df \u00a7 1.4 Produkthaftungsgesetz, wegen anf\u00e4nglichen Unverm\u00f6gen oder bei zu vertretener Unm\u00f6glichkeit, wenn EMMEGI GmbH nicht den Vertragspartnern unverz\u00fcglich \u00fcber die Nichtverf\u00fcgbarkeit informieren und eine Gegenleistung erstatten.<\/p>\n<p>10.Die Gew\u00e4hrleistung betr\u00e4gt 12 Monate ab Lieferung, wenn der Liefergegenstand im Einschichtbetrieb eingesetzt wird, bei Einsatz im Mehrschichtbetrieb betr\u00e4gt die Gew\u00e4hrleistungsfrist 6 Monate ab Lieferung.<\/p>\n<p>Projektierungen und Montagen<br \/>1.Werden durch die Firma EMMEGI GmbH Projektierungen und\/oder Montagen ausgef\u00fchrt, so besteht eine Haftung der EMMEGI GmbH nur dann, wenn hierf\u00fcr ein besonderes Entgelt vereinbart wurde.<\/p>\n<p>2.Werden neben der Lieferung auch Skizzen, Entw\u00fcrfe oder Planzeichnungen durch die Firma EMMEGI GmbH gefertigt, so stellen diese nur dann eine zugesicherte Eigenschaft des Liefergegenstandes dar, wenn dies ausdr\u00fccklich vereinbart wurde.<\/p>\n<p>3.An Kostenvoranschl\u00e4gen, Zeichnungen, Projektierungen und anderen Unterlagen, die dem Auftraggeber \u00fcberlassen werden, beh\u00e4lt sich die Firma EMMEGI GmbH Eigentums- und Urheberrechte vor. Sie d\u00fcrfen nicht f\u00fcr andere als die von der Firma EMMEGI GmbH angegebenen Zwecke verwendet oder Dritten zug\u00e4nglich gemacht werden.<\/p>\n<p>Erf\u00fcllungsort, Gerichtsstand<br \/>1.Erf\u00fcllungsort und Gerichtsstand f\u00fcr alle sich dem Vertragsverh\u00e4ltnis ergebenen Streitigkeiten ist der Sitz der Firma EMMEGI GmbH. Dies gilt auch f\u00fcr Anspr\u00fcche aus Wechseln und Schecks sowie f\u00fcr deliktsrechtliche Anspr\u00fcche, Streitverk\u00fcndigungen und Urkundenprozesse. EMMEGI GmbH ist jedoch auch berechtigt am Sitz des Auftraggebers zu klagen.<\/p>\n<p>2.Im Fall der Unwirksamkeit einzelner Bestimmungen bleiben die \u00fcbrigen wirksam. Die Unwirksamkeit ist durch eine rechtsg\u00fcltige Regelung zu ersetzen, die dem wirtschaftlichen Sinn und Zweck der unwirksamen am n\u00e4chsten kommt. Entsprechendes gilt f\u00fcr die Regelungsl\u00fccken. F\u00fcr alle Rechtsbeziehungen zwischen EMMEGI GmbH und dem Auftraggeber gilt ausschlie\u00dflich das Recht der Bundesrepublik Deutschland unter Ausschluss des \u00dcbereinkommens der Vereinten Nationen \u00fcber den internationalen Wareneinkauf (UN-Kaufrecht\/CISG).<\/p>","protected":false},"excerpt":{"rendered":"<p>ALLGEMEINE GESCH\u00c4FTSBEDINGUNGENDER FIRMA EMMEGI GMBHStand August 2009 Allgemeine Bestimmungen1.Diese AGB gilt f\u00fcr alle Angebote, Lieferungen und Leistungen der Firma Emmegi GmbH an ihre Auftraggeber. Abweichungen von den AGB gelten nur, wenn sie von der Firma EMMEGI GmbH ausdr\u00fccklich schriftlich anerkannt werden. 2.Gesch\u00e4fts- und Einkaufsbedingungen, die von einem Auftraggeber einem Auftrag zugrunde gelegt werden, wird hiermit&#8230;<\/p>\n","protected":false},"author":1,"featured_media":0,"parent":0,"menu_order":0,"comment_status":"closed","ping_status":"closed","template":"","meta":{"om_disable_all_campaigns":false,"_monsterinsights_skip_tracking":false,"_monsterinsights_sitenote_active":false,"_monsterinsights_sitenote_note":"","_monsterinsights_sitenote_category":0,"footnotes":""},"class_list":["post-6","page","type-page","status-publish","hentry"],"aioseo_notices":[],"_links":{"self":[{"href":"https:\/\/emmegi-gmbh.de\/en\/wp-json\/wp\/v2\/pages\/6","targetHints":{"allow":["GET"]}}],"collection":[{"href":"https:\/\/emmegi-gmbh.de\/en\/wp-json\/wp\/v2\/pages"}],"about":[{"href":"https:\/\/emmegi-gmbh.de\/en\/wp-json\/wp\/v2\/types\/page"}],"author":[{"embeddable":true,"href":"https:\/\/emmegi-gmbh.de\/en\/wp-json\/wp\/v2\/users\/1"}],"replies":[{"embeddable":true,"href":"https:\/\/emmegi-gmbh.de\/en\/wp-json\/wp\/v2\/comments?post=6"}],"version-history":[{"count":0,"href":"https:\/\/emmegi-gmbh.de\/en\/wp-json\/wp\/v2\/pages\/6\/revisions"}],"wp:attachment":[{"href":"https:\/\/emmegi-gmbh.de\/en\/wp-json\/wp\/v2\/media?parent=6"}],"curies":[{"name":"wp","href":"https:\/\/api.w.org\/{rel}","templated":true}]}}