{"id":969,"date":"2024-05-22T13:47:15","date_gmt":"2024-05-22T11:47:15","guid":{"rendered":"http:\/\/emmegi-gmbh.de\/?page_id=969"},"modified":"2025-04-23T09:30:40","modified_gmt":"2025-04-23T07:30:40","slug":"haeufig-gestellte-fragen-faq","status":"publish","type":"page","link":"https:\/\/emmegi-gmbh.de\/en\/serviceleistungen\/haeufig-gestellte-fragen-faq\/","title":{"rendered":"H\u00e4ufig gestellte Fragen (FAQ)"},"content":{"rendered":"Efficient speed control for DC fans&#8221;>elektronischen Regler<\/a>. [\/su_spoiler]\n<div class=\"su-spoiler su-spoiler-style-fancy su-spoiler-icon-plus su-spoiler-closed\" data-scroll-offset=\"0\" data-anchor-in-url=\"no\"><div class=\"su-spoiler-title\" tabindex=\"0\" role=\"button\"><span class=\"su-spoiler-icon\"><\/span>K\u00f6nnen die Thermostatschalter auch den L\u00fcfter \u00fcbrigens ohne Relais schalten?<\/div><div class=\"su-spoiler-content su-u-clearfix su-u-trim\"> Dies ist nicht zu empfehlen, da die hohen Anlaufstr\u00f6me des Motors den Thermostatschalter schlie\u00dflich schnell besch\u00e4digen w\u00fcrde. <\/div><\/div>\n<div class=\"su-spoiler su-spoiler-style-fancy su-spoiler-icon-plus su-spoiler-closed\" data-scroll-offset=\"0\" data-anchor-in-url=\"no\"><div class=\"su-spoiler-title\" tabindex=\"0\" role=\"button\"><span class=\"su-spoiler-icon\"><\/span>Mein Hydraulikaggregat wird in den Sommermonaten sehr warm. Kann man dementsprechend K\u00fchler nachr\u00fcsten?<\/div><div class=\"su-spoiler-content su-u-clearfix su-u-trim\"> In den meisten F\u00e4llen ist dies problemlos m\u00f6glich. Passende <a href=\"https:\/\/emmegi-gmbh.de\/produkte\/nebenstrom-kuehlaggregate\/\" title=\"Nebenstrom K\u00fchlaggregate\">Nebenstromk\u00fchler finden Sie auf unserer Produkteseite<\/a>.<\/div><\/div>\n<div class=\"su-spoiler su-spoiler-style-fancy su-spoiler-icon-plus su-spoiler-closed\" data-scroll-offset=\"0\" data-anchor-in-url=\"no\"><div class=\"su-spoiler-title\" tabindex=\"0\" role=\"button\"><span class=\"su-spoiler-icon\"><\/span>K\u00f6nnen an den K\u00fchlaggregaten (SilentEVO, RID, DCO) auch nachtr\u00e4glich Bypass-Thermostate erg\u00e4nzt werden?<\/div><div class=\"su-spoiler-content su-u-clearfix su-u-trim\"> Dies ist problemlos m\u00f6glich! Passende Bypass-Thermostate finden Sie nachfolgend in der <a href=\"https:\/\/emmegi-gmbh.de\/produkte\/kuehler-zubehoehr\/\" title=\"Zubeh\u00f6r f\u00fcr die K\u00fchlsysteme\">Zubeh\u00f6r-Liste<\/a>. <\/div><\/div>\n<div class=\"su-spoiler su-spoiler-style-fancy su-spoiler-icon-plus su-spoiler-closed\" data-scroll-offset=\"0\" data-anchor-in-url=\"no\"><div class=\"su-spoiler-title\" tabindex=\"0\" role=\"button\"><span class=\"su-spoiler-icon\"><\/span>An meinem K\u00fchlsystem ist ein Bauteil defekt. Bieten Sie auch Ersatzteile an?<\/div><div class=\"su-spoiler-content su-u-clearfix su-u-trim\"> Die meisten Produkte sind modular aufgebaut und k\u00f6nnen bei Teildefekten oder Verschlei\u00df problemlos mit Ersatzteilen genauso versorgt werden. Bitte nehmen Sie hierzu <a href=\"https:\/\/emmegi-gmbh.de\/kontakt\/\" title=\"Kontakt\">Kontakt <\/a>mit uns auf.<\/div><\/div>\n<div class=\"su-spoiler su-spoiler-style-fancy su-spoiler-icon-plus su-spoiler-closed\" data-scroll-offset=\"0\" data-anchor-in-url=\"no\"><div class=\"su-spoiler-title\" tabindex=\"0\" role=\"button\"><span class=\"su-spoiler-icon\"><\/span>Mir ist nur die Teilenummer bekannt. Kann dar\u00fcber auch ein entsprechendes Ersatzteil geliefert werden?<\/div><div class=\"su-spoiler-content su-u-clearfix su-u-trim\"> Die meisten Komponenten k\u00f6nnen wir genauso durch die Typbezeichnung erkennen. Dies erfolgt ungeachtet unserer Produktnummer. Bitte nehmen Sie hierzu <a href=\"https:\/\/emmegi-gmbh.de\/kontakt\/\" title=\"Kontakt\">Kontakt <\/a>mit uns auf.<\/div><\/div>\n<div class=\"su-spoiler su-spoiler-style-fancy su-spoiler-icon-plus su-spoiler-closed\" data-scroll-offset=\"0\" data-anchor-in-url=\"no\"><div class=\"su-spoiler-title\" tabindex=\"0\" role=\"button\"><span class=\"su-spoiler-icon\"><\/span>Ich habe vor sehr langer Zeit einen K\u00fchler gekauft. Sind hierzu passende K\u00fchler noch lieferbar?<\/div><div class=\"su-spoiler-content su-u-clearfix su-u-trim\"> Die meisten Produkte k\u00f6nnen wir entsprechend durch den EMMEGI-Code erkennen. Bitte nehmen Sie hierzu <a href=\"https:\/\/emmegi-gmbh.de\/kontakt\/\" title=\"Kontakt\">Kontakt <\/a>mit uns auf.<\/div><\/div>\n[\/su_accordion]","protected":false},"excerpt":{"rendered":"<p>Efficient speed control for DC fans&#8221;>elektronischen Regler. [\/su_spoiler] [\/su_accordion]<\/p>\n","protected":false},"author":2,"featured_media":0,"parent":1087,"menu_order":0,"comment_status":"closed","ping_status":"closed","template":"","meta":{"om_disable_all_campaigns":false,"_monsterinsights_skip_tracking":false,"_monsterinsights_sitenote_active":false,"_monsterinsights_sitenote_note":"","_monsterinsights_sitenote_category":0,"footnotes":""},"class_list":["post-969","page","type-page","status-publish","hentry"],"aioseo_notices":[],"_links":{"self":[{"href":"https:\/\/emmegi-gmbh.de\/en\/wp-json\/wp\/v2\/pages\/969","targetHints":{"allow":["GET"]}}],"collection":[{"href":"https:\/\/emmegi-gmbh.de\/en\/wp-json\/wp\/v2\/pages"}],"about":[{"href":"https:\/\/emmegi-gmbh.de\/en\/wp-json\/wp\/v2\/types\/page"}],"author":[{"embeddable":true,"href":"https:\/\/emmegi-gmbh.de\/en\/wp-json\/wp\/v2\/users\/2"}],"replies":[{"embeddable":true,"href":"https:\/\/emmegi-gmbh.de\/en\/wp-json\/wp\/v2\/comments?post=969"}],"version-history":[{"count":18,"href":"https:\/\/emmegi-gmbh.de\/en\/wp-json\/wp\/v2\/pages\/969\/revisions"}],"predecessor-version":[{"id":1744,"href":"https:\/\/emmegi-gmbh.de\/en\/wp-json\/wp\/v2\/pages\/969\/revisions\/1744"}],"up":[{"embeddable":true,"href":"https:\/\/emmegi-gmbh.de\/en\/wp-json\/wp\/v2\/pages\/1087"}],"wp:attachment":[{"href":"https:\/\/emmegi-gmbh.de\/en\/wp-json\/wp\/v2\/media?parent=969"}],"curies":[{"name":"wp","href":"https:\/\/api.w.org\/{rel}","templated":true}]}}